{"id":8832,"date":"2025-09-02T18:10:06","date_gmt":"2025-09-03T00:10:06","guid":{"rendered":"https:\/\/tlactlac.com\/jazz\/libros-jazzamoart\/"},"modified":"2025-10-08T16:29:49","modified_gmt":"2025-10-08T22:29:49","slug":"libros-jazzamoart","status":"publish","type":"page","link":"https:\/\/jazzamoart.com\/es\/libros-jazzamoart\/","title":{"rendered":"Libros"},"content":{"rendered":"\t\t<div data-elementor-type=\"wp-page\" data-elementor-id=\"8832\" class=\"elementor elementor-8832 elementor-7985\" data-elementor-post-type=\"page\">\n\t\t\t\t<div data-scroll-custom-offset=\"\" data-scroll-custom-duration=\"\" class=\"wolf-core-elementor-row wolf-core-font- elementor-element elementor-element-e3e5293 e-flex e-con-boxed e-con e-parent\" data-font-skin=\"\" data-color-tone=\"\" data-id=\"e3e5293\" data-element_type=\"container\" data-e-type=\"container\">\n\t\t\t\t\t<div class=\"e-con-inner\">\n\t\t\t\t<div class=\"elementor-element elementor-element-6752436 elementor-widget elementor-widget-spacer\" data-id=\"6752436\" data-element_type=\"widget\" data-e-type=\"widget\" data-widget_type=\"spacer.default\">\n\t\t\t\t<div class=\"elementor-widget-container\">\n\t\t\t\t\t\t\t<div class=\"elementor-spacer\">\n\t\t\t<div class=\"elementor-spacer-inner\"><\/div>\n\t\t<\/div>\n\t\t\t\t\t\t<\/div>\n\t\t\t\t<\/div>\n\t\t\t\t\t<\/div>\n\t\t\t\t<\/div>\n\t\t<div data-scroll-custom-offset=\"\" data-scroll-custom-duration=\"\" class=\"wolf-core-elementor-row wolf-core-font- elementor-element elementor-element-78d8596 e-con-full e-flex e-con e-parent\" data-font-skin=\"\" data-color-tone=\"\" data-id=\"78d8596\" data-element_type=\"container\" data-e-type=\"container\">\n\t\t\t\t<div class=\"elementor-element elementor-element-da0c35e elementor-widget elementor-widget-heading\" data-id=\"da0c35e\" data-element_type=\"widget\" data-e-type=\"widget\" data-widget_type=\"heading.default\">\n\t\t\t\t<div class=\"elementor-widget-container\">\n\t\t\t\t\t<h2 class=\"elementor-heading-title elementor-size-default\">Libros y publicaciones<\/h2>\t\t\t\t<\/div>\n\t\t\t\t<\/div>\n\t\t<div data-scroll-custom-offset=\"\" data-scroll-custom-duration=\"\" class=\"wolf-core-elementor-row wolf-core-font- elementor-element elementor-element-b96bcf3 e-flex e-con-boxed e-con e-child\" data-font-skin=\"\" data-color-tone=\"\" data-id=\"b96bcf3\" data-element_type=\"container\" data-e-type=\"container\">\n\t\t\t\t\t<div class=\"e-con-inner\">\n\t\t\t\t<div class=\"elementor-element elementor-element-956c732 elementor-widget elementor-widget-heading\" data-id=\"956c732\" data-element_type=\"widget\" data-e-type=\"widget\" data-widget_type=\"heading.default\">\n\t\t\t\t<div class=\"elementor-widget-container\">\n\t\t\t\t\t<h2 class=\"elementor-heading-title elementor-size-default\">La Soledad del Pintor<\/h2>\t\t\t\t<\/div>\n\t\t\t\t<\/div>\n\t\t<div data-scroll-custom-offset=\"\" data-scroll-custom-duration=\"\" class=\"wolf-core-elementor-row wolf-core-font- elementor-element elementor-element-dee7925 e-grid e-con-full e-con e-child\" data-font-skin=\"\" data-color-tone=\"\" data-id=\"dee7925\" data-element_type=\"container\" data-e-type=\"container\">\n\t\t\t\t<div class=\" elementor-element elementor-element-b352ec3 elementor-widget elementor-widget-text-editor\" data-id=\"b352ec3\" data-element_type=\"widget\" data-e-type=\"widget\" data-widget_type=\"text-editor.default\">\n\t\t\t\t<div class=\"elementor-widget-container\">\n\t\t\t\t\t\t\t\t\t<p>Con decenas de premios nacionales e internacionales y considerado por la cr\u00edtica como un artista vers\u00e1til y prol\u00edfico, Jazzamoart ha presentado su obra en cerca de 500 exposiciones en M\u00e9xico, Estados Unidos, Canad\u00e1, Latinoam\u00e9rica, Europa, Corea del Sur y Jap\u00f3n.<\/p>\t\t\t\t\t\t\t\t<\/div>\n\t\t\t\t<\/div>\n\t\t\t\t<div class=\"yes elementor-element elementor-element-051af94 wolf-core-image-inline-display-yes elementor-widget elementor-widget-image\" data-id=\"051af94\" data-element_type=\"widget\" data-e-type=\"widget\" data-widget_type=\"image.default\">\n\t\t\t\t<div class=\"elementor-widget-container\">\n\t\t\t\t\t\t\t\t\t\t\t\t\t\t\t\t<a href=\"https:\/\/jazzamoart.com\/work\/the-painters-solitude\/\">\n\t\t\t\t\t\t\t<img fetchpriority=\"high\" decoding=\"async\" width=\"1000\" height=\"667\" src=\"https:\/\/jazzamoart.com\/wp-content\/uploads\/2025\/08\/la-soledad-del-pintor_jazzamoart-portada.jpg\" class=\"attachment-large size-large wp-image-8464\" alt=\"\" srcset=\"https:\/\/jazzamoart.com\/wp-content\/uploads\/2025\/08\/la-soledad-del-pintor_jazzamoart-portada.jpg 1000w, https:\/\/jazzamoart.com\/wp-content\/uploads\/2025\/08\/la-soledad-del-pintor_jazzamoart-portada-300x200.jpg 300w, https:\/\/jazzamoart.com\/wp-content\/uploads\/2025\/08\/la-soledad-del-pintor_jazzamoart-portada-768x512.jpg 768w, https:\/\/jazzamoart.com\/wp-content\/uploads\/2025\/08\/la-soledad-del-pintor_jazzamoart-portada-500x334.jpg 500w, https:\/\/jazzamoart.com\/wp-content\/uploads\/2025\/08\/la-soledad-del-pintor_jazzamoart-portada-550x367.jpg 550w, https:\/\/jazzamoart.com\/wp-content\/uploads\/2025\/08\/la-soledad-del-pintor_jazzamoart-portada-400x267.jpg 400w\" sizes=\"(max-width: 1000px) 100vw, 1000px\" \/>\t\t\t\t\t\t\t\t<\/a>\n\t\t\t\t\t\t\t\t\t\t\t\t\t\t\t<\/div>\n\t\t\t\t<\/div>\n\t\t\t\t<\/div>\n\t\t\t\t\t<\/div>\n\t\t\t\t<\/div>\n\t\t<div data-scroll-custom-offset=\"\" data-scroll-custom-duration=\"\" class=\"wolf-core-elementor-row wolf-core-font- elementor-element elementor-element-df1a8e5 e-flex e-con-boxed e-con e-child\" data-font-skin=\"\" data-color-tone=\"\" data-id=\"df1a8e5\" data-element_type=\"container\" data-e-type=\"container\">\n\t\t\t\t\t<div class=\"e-con-inner\">\n\t\t\t\t<div class=\"elementor-element elementor-element-3a13223 elementor-widget elementor-widget-heading\" data-id=\"3a13223\" data-element_type=\"widget\" data-e-type=\"widget\" data-widget_type=\"heading.default\">\n\t\t\t\t<div class=\"elementor-widget-container\">\n\t\t\t\t\t<h2 class=\"elementor-heading-title elementor-size-default\">Viaje al fondo de la pintura<\/h2>\t\t\t\t<\/div>\n\t\t\t\t<\/div>\n\t\t<div data-scroll-custom-offset=\"\" data-scroll-custom-duration=\"\" class=\"wolf-core-elementor-row wolf-core-font- elementor-element elementor-element-882284d e-grid e-con-full e-con e-child\" data-font-skin=\"\" data-color-tone=\"\" data-id=\"882284d\" data-element_type=\"container\" data-e-type=\"container\">\n\t\t\t\t<div class=\" elementor-element elementor-element-1b9fc75 elementor-widget elementor-widget-text-editor\" data-id=\"1b9fc75\" data-element_type=\"widget\" data-e-type=\"widget\" data-widget_type=\"text-editor.default\">\n\t\t\t\t<div class=\"elementor-widget-container\">\n\t\t\t\t\t\t\t\t\t<p>Es una inmersi\u00f3n profunda en la mente creativa de Francisco Javier V\u00e1zquez Estupi\u00f1\u00e1n, conocido mundialmente como Jazzamoart. Este artista visual mexicano, cuyo seud\u00f3nimo fusiona las palabras \u00abjazz\u00bb, \u00abamor\u00bb y \u00abarte\u00bb, nos invita a explorar la sinestesia entre la m\u00fasica y la pintura, un concepto que ha definido su obra desde la d\u00e9cada de 1970.<\/p>\t\t\t\t\t\t\t\t<\/div>\n\t\t\t\t<\/div>\n\t\t\t\t<div class=\"yes elementor-element elementor-element-bf64c45 wolf-core-image-inline-display-yes elementor-widget elementor-widget-image\" data-id=\"bf64c45\" data-element_type=\"widget\" data-e-type=\"widget\" data-widget_type=\"image.default\">\n\t\t\t\t<div class=\"elementor-widget-container\">\n\t\t\t\t\t\t\t\t\t\t\t\t\t\t\t\t<a href=\"https:\/\/jazzamoart.com\/work\/journey-to-the-bottom-of-the-painting\/\">\n\t\t\t\t\t\t\t<img decoding=\"async\" width=\"1000\" height=\"667\" src=\"https:\/\/jazzamoart.com\/wp-content\/uploads\/2025\/08\/viaje-al-fondo-de-la-pintura-jazzamoart-portada.jpg\" class=\"attachment-large size-large wp-image-8467\" alt=\"\" srcset=\"https:\/\/jazzamoart.com\/wp-content\/uploads\/2025\/08\/viaje-al-fondo-de-la-pintura-jazzamoart-portada.jpg 1000w, https:\/\/jazzamoart.com\/wp-content\/uploads\/2025\/08\/viaje-al-fondo-de-la-pintura-jazzamoart-portada-300x200.jpg 300w, https:\/\/jazzamoart.com\/wp-content\/uploads\/2025\/08\/viaje-al-fondo-de-la-pintura-jazzamoart-portada-768x512.jpg 768w, https:\/\/jazzamoart.com\/wp-content\/uploads\/2025\/08\/viaje-al-fondo-de-la-pintura-jazzamoart-portada-500x334.jpg 500w, https:\/\/jazzamoart.com\/wp-content\/uploads\/2025\/08\/viaje-al-fondo-de-la-pintura-jazzamoart-portada-550x367.jpg 550w, https:\/\/jazzamoart.com\/wp-content\/uploads\/2025\/08\/viaje-al-fondo-de-la-pintura-jazzamoart-portada-400x267.jpg 400w\" sizes=\"(max-width: 1000px) 100vw, 1000px\" \/>\t\t\t\t\t\t\t\t<\/a>\n\t\t\t\t\t\t\t\t\t\t\t\t\t\t\t<\/div>\n\t\t\t\t<\/div>\n\t\t\t\t<\/div>\n\t\t\t\t\t<\/div>\n\t\t\t\t<\/div>\n\t\t\t\t<\/div>\n\t\t\t\t<\/div>\n\t\t","protected":false},"excerpt":{"rendered":"<p>Libros y publicaciones La Soledad del Pintor Con decenas de premios nacionales e internacionales y considerado por la cr\u00edtica como un artista vers\u00e1til y prol\u00edfico, Jazzamoart ha presentado su obra en cerca de 500 exposiciones en M\u00e9xico, Estados Unidos, Canad\u00e1, Latinoam\u00e9rica, Europa, Corea del Sur y Jap\u00f3n. Viaje al fondo de la pintura Es una&#8230;<\/p>\n<p><a rel=\"bookmark\" class=\"theme-button-primary wolf-core-button wolf-core-button-size-md\" href=\"https:\/\/jazzamoart.com\/es\/libros-jazzamoart\/\"><span>Seguir leyendo<\/span><\/a><\/p>\n","protected":false},"author":1,"featured_media":0,"parent":0,"menu_order":0,"comment_status":"closed","ping_status":"closed","template":"","meta":{"_acf_changed":false,"_monsterinsights_skip_tracking":false,"_monsterinsights_sitenote_active":false,"_monsterinsights_sitenote_note":"","_monsterinsights_sitenote_category":0,"footnotes":""},"class_list":{"0":"post-8832","1":"page","2":"type-page","3":"status-publish","4":"hentry","5":"entry","6":"clearfix","7":"entry-grid","8":"entry-columns-default","9":"entry-page-module-layout-standard","10":"no-post-thumbnail","11":"entry-page","13":"entry-page-grid"},"acf":[],"aioseo_notices":[],"_links":{"self":[{"href":"https:\/\/jazzamoart.com\/es\/wp-json\/wp\/v2\/pages\/8832","targetHints":{"allow":["GET"]}}],"collection":[{"href":"https:\/\/jazzamoart.com\/es\/wp-json\/wp\/v2\/pages"}],"about":[{"href":"https:\/\/jazzamoart.com\/es\/wp-json\/wp\/v2\/types\/page"}],"author":[{"embeddable":true,"href":"https:\/\/jazzamoart.com\/es\/wp-json\/wp\/v2\/users\/1"}],"replies":[{"embeddable":true,"href":"https:\/\/jazzamoart.com\/es\/wp-json\/wp\/v2\/comments?post=8832"}],"version-history":[{"count":3,"href":"https:\/\/jazzamoart.com\/es\/wp-json\/wp\/v2\/pages\/8832\/revisions"}],"predecessor-version":[{"id":8835,"href":"https:\/\/jazzamoart.com\/es\/wp-json\/wp\/v2\/pages\/8832\/revisions\/8835"}],"wp:attachment":[{"href":"https:\/\/jazzamoart.com\/es\/wp-json\/wp\/v2\/media?parent=8832"}],"curies":[{"name":"wp","href":"https:\/\/api.w.org\/{rel}","templated":true}]}}