{"id":7503,"date":"2025-08-08T21:16:22","date_gmt":"2025-08-09T03:16:22","guid":{"rendered":"https:\/\/tlactlac.com\/jazz\/?page_id=7503"},"modified":"2025-09-03T10:41:13","modified_gmt":"2025-09-03T16:41:13","slug":"user-agreement","status":"publish","type":"page","link":"https:\/\/jazzamoart.com\/2025\/user-agreement\/","title":{"rendered":"USER AGREEMENT"},"content":{"rendered":"\t\t<div data-elementor-type=\"wp-page\" data-elementor-id=\"7503\" class=\"elementor elementor-7503\" data-elementor-post-type=\"page\">\n\t\t\t\t<div data-scroll-custom-offset=\"\" data-scroll-custom-duration=\"\" class=\"wolf-core-elementor-row wolf-core-font- elementor-element elementor-element-be55c23 e-flex e-con-boxed e-con e-parent\" data-font-skin=\"\" data-color-tone=\"\" data-id=\"be55c23\" data-element_type=\"container\" data-e-type=\"container\">\n\t\t\t\t\t<div class=\"e-con-inner\">\n\t\t\t\t<div class=\"elementor-element elementor-element-48519ff elementor-widget elementor-widget-spacer\" data-id=\"48519ff\" data-element_type=\"widget\" data-e-type=\"widget\" data-widget_type=\"spacer.default\">\n\t\t\t\t<div class=\"elementor-widget-container\">\n\t\t\t\t\t\t\t<div class=\"elementor-spacer\">\n\t\t\t<div class=\"elementor-spacer-inner\"><\/div>\n\t\t<\/div>\n\t\t\t\t\t\t<\/div>\n\t\t\t\t<\/div>\n\t\t\t\t\t<\/div>\n\t\t\t\t<\/div>\n\t\t<div data-scroll-custom-offset=\"\" data-scroll-custom-duration=\"\" class=\"wolf-core-elementor-row wolf-core-font- elementor-element elementor-element-2a5b8537 e-flex e-con-boxed e-con e-parent\" data-font-skin=\"\" data-color-tone=\"\" data-id=\"2a5b8537\" data-element_type=\"container\" data-e-type=\"container\">\n\t\t\t\t\t<div class=\"e-con-inner\">\n\t\t\t\t<div class=\" elementor-element elementor-element-29fbf982 elementor-widget elementor-widget-text-editor\" data-id=\"29fbf982\" data-element_type=\"widget\" data-e-type=\"widget\" data-widget_type=\"text-editor.default\">\n\t\t\t\t<div class=\"elementor-widget-container\">\n\t\t\t\t\t\t\t\t\t\n<p><strong>USER AGREEMENT \/ ACUERDO DE USUARIO<\/strong><\/p>\n\n\n\n<h2 class=\"wp-block-heading\">ENGLISH<\/h2>\n\n\n\n<p>Welcome to Jazzamoart\u2019s website (\u201c<a href=\"http:\/\/jazzamoart.com\" target=\"_blank\" rel=\"noopener\" title=\"\">jazzamoart.com<\/a>&#8220;). By accessing or using this Site, you agree to be bound by the terms and conditions below. If you do not agree with any part of this agreement, please do not use the Site.<\/p>\n\n\n\n<p><strong>1. Use of Site<\/strong><\/p>\n\n\n\n<p>This Site is intended to showcase and offer for sale the original artwork and related content of Jazzamoart. You may browse the Site for personal and non-commercial use only.<\/p>\n\n\n\n<p>You agree not to:<\/p>\n\n\n\n<p>Reproduce, distribute, or modify any part of the content without prior written permission.<\/p>\n\n\n\n<p>Use the Site for any unlawful or prohibited purpose.<\/p>\n\n\n\n<p>Attempt to gain unauthorized access to any portion of the Site.<\/p>\n\n\n\n<p><strong>2. Intellectual Property<\/strong><\/p>\n\n\n\n<p>All artwork, images, text, and other content on this Site are the intellectual property of Jazzamoart unless otherwise noted. Unauthorized use of any content may violate copyright, trademark, and other laws.<\/p>\n\n\n\n<p><strong>3. Limitation of Liability<\/strong><\/p>\n\n\n\n<p>The Site and all content are provided \u201cas is\u201d without warranty of any kind. Jazzamoart is not liable for any damages arising from the use of this Site.<\/p>\n\n\n\n<p><strong>4. Changes to the Agreement<\/strong><\/p>\n\n\n\n<p>We reserve the right to modify this agreement at any time. Continued use of the Site after changes are posted constitutes your acceptance of the new terms.<\/p>\n\n\n\n<p>\u00a9 COPYRIGHT NOTICE<\/p>\n\n\n\n<p>\u00a9 2025 Jazzamoart. All rights reserved.<\/p>\n\n\n\n<p>All artworks, images, and written content displayed on this website are protected by copyright laws and international treaties. No part of this site, including images, text, or design, may be reproduced, stored, or transmitted in any form without prior written permission from the artist.<\/p>\n\n\n\n<p>You may not:<\/p>\n\n\n\n<p>Reproduce, use, or distribute any artwork or images for commercial or personal gain without a license.<\/p>\n\n\n\n<p>Mint NFTs, use in AI training, or include in digital products without explicit consent.<\/p>\n\n\n\n<p>For licensing, press inquiries, or collaboration requests, please contact: <a href=\"mailto:jazz@jazzamoart.com\" target=\"_blank\" rel=\"noopener\" title=\"\">jazz@jazzamoart.com<\/a><\/p>\n\n\n\n<h2 class=\"wp-block-heading\">ESPA\u00d1OL<\/h2>\n\n\n\n<p>Bienvenido al sitio web de Jazzamoart (\u201c<a href=\"http:\/\/jazzamoart.com\" title=\"\">jazzamoart.com<\/a>\u201d). Al acceder o utilizar este sitio, usted acepta quedar sujeto a los t\u00e9rminos y condiciones que se describen a continuaci\u00f3n. Si no est\u00e1 de acuerdo con alguna parte de este acuerdo, por favor no utilice el sitio.<\/p>\n\n\n\n<p><strong>1. Uso del sitio<\/strong><\/p>\n\n\n\n<p>Este sitio est\u00e1 destinado a exhibir y ofrecer a la venta las obras originales y contenido relacionado de Jazzamoart. Usted puede navegar por el sitio \u00fanicamente para fines personales y no comerciales.<\/p>\n\n\n\n<p>Usted se compromete a no:<\/p>\n\n\n\n<p>Reproducir, distribuir o modificar cualquier parte del contenido sin autorizaci\u00f3n previa por escrito.<\/p>\n\n\n\n<p>Utilizar el sitio con fines ilegales o prohibidos.<\/p>\n\n\n\n<p>Intentar obtener acceso no autorizado a cualquier parte del sitio.<\/p>\n\n\n\n<p><strong>2. Propiedad intelectual<\/strong><\/p>\n\n\n\n<p>Todas las obras, im\u00e1genes, textos y dem\u00e1s contenidos presentes en este sitio son propiedad intelectual de Jazzamoart, salvo que se indique lo contrario. El uso no autorizado de cualquier contenido puede violar leyes de derechos de autor, marcas registradas y otras normativas legales.<\/p>\n\n\n\n<p><strong>3. Limitaci\u00f3n de responsabilidad<\/strong><\/p>\n\n\n\n<p>El sitio y todo su contenido se proporcionan &#8220;tal cual&#8221;, sin garant\u00edas de ning\u00fan tipo. Jazzamoart no ser\u00e1 responsable por ning\u00fan da\u00f1o derivado del uso de este sitio.<\/p>\n\n\n\n<p><strong>4. Cambios en el acuerdo<\/strong><\/p>\n\n\n\n<p>Nos reservamos el derecho de modificar este acuerdo en cualquier momento. El uso continuo del sitio despu\u00e9s de que se publiquen los cambios constituye su aceptaci\u00f3n de los nuevos t\u00e9rminos.<\/p>\n\n\n\n<p>\u00a9 AVISO DE DERECHOS DE AUTOR<\/p>\n\n\n\n<p>\u00a9 2025 Jazzamoart. Todos los derechos reservados.<\/p>\n\n\n\n<p>Todas las obras, im\u00e1genes y textos mostrados en este sitio web est\u00e1n protegidos por leyes de derechos de autor y tratados internacionales. Ninguna parte de este sitio \u2014incluyendo im\u00e1genes, textos o dise\u00f1o\u2014 podr\u00e1 ser reproducida, almacenada o transmitida en ninguna forma sin la autorizaci\u00f3n previa por escrito del artista.<\/p>\n\n\n\n<p>No est\u00e1 permitido:<\/p>\n\n\n\n<p>Reproducir, utilizar o distribuir obras o im\u00e1genes con fines comerciales o personales sin contar con una licencia.<\/p>\n\n\n\n<p>Acu\u00f1ar NFTs, utilizar las obras en entrenamiento de inteligencia artificial o incluirlas en productos digitales sin consentimiento expl\u00edcito.<\/p>\n\n\n\n<p>Para licencias, solicitudes de prensa o propuestas de colaboraci\u00f3n, favor de contactar: <a href=\"mailto:jazz@jazzamoart.com\" target=\"_blank\" rel=\"noopener\" title=\"\">jazz@jazzamoart.com<\/a><\/p>\n\t\t\t\t\t\t\t\t<\/div>\n\t\t\t\t<\/div>\n\t\t\t\t\t<\/div>\n\t\t\t\t<\/div>\n\t\t\t\t<\/div>\n\t\t","protected":false},"excerpt":{"rendered":"<p>USER AGREEMENT \/ ACUERDO DE USUARIO ENGLISH Welcome to Jazzamoart\u2019s website (\u201cjazzamoart.com&#8220;). By accessing or using this Site, you agree to be bound by the terms and conditions below. If you do not agree with any part of this agreement, please do not use the Site. 1. Use of Site This Site is intended to&#8230;<\/p>\n<p><a rel=\"bookmark\" class=\"theme-button-primary wolf-core-button wolf-core-button-size-md\" href=\"https:\/\/jazzamoart.com\/2025\/user-agreement\/\"><span>Continue reading<\/span><\/a><\/p>\n","protected":false},"author":1,"featured_media":0,"parent":0,"menu_order":0,"comment_status":"closed","ping_status":"open","template":"","meta":{"_acf_changed":false,"_monsterinsights_skip_tracking":false,"_monsterinsights_sitenote_active":false,"_monsterinsights_sitenote_note":"","_monsterinsights_sitenote_category":0,"footnotes":""},"class_list":{"0":"post-7503","1":"page","2":"type-page","3":"status-publish","4":"hentry","5":"entry","6":"clearfix","7":"entry-grid","8":"entry-columns-default","9":"entry-page-module-layout-standard","10":"no-post-thumbnail","11":"entry-page","13":"entry-page-grid"},"acf":[],"aioseo_notices":[],"_links":{"self":[{"href":"https:\/\/jazzamoart.com\/2025\/wp-json\/wp\/v2\/pages\/7503","targetHints":{"allow":["GET"]}}],"collection":[{"href":"https:\/\/jazzamoart.com\/2025\/wp-json\/wp\/v2\/pages"}],"about":[{"href":"https:\/\/jazzamoart.com\/2025\/wp-json\/wp\/v2\/types\/page"}],"author":[{"embeddable":true,"href":"https:\/\/jazzamoart.com\/2025\/wp-json\/wp\/v2\/users\/1"}],"replies":[{"embeddable":true,"href":"https:\/\/jazzamoart.com\/2025\/wp-json\/wp\/v2\/comments?post=7503"}],"version-history":[{"count":5,"href":"https:\/\/jazzamoart.com\/2025\/wp-json\/wp\/v2\/pages\/7503\/revisions"}],"predecessor-version":[{"id":8161,"href":"https:\/\/jazzamoart.com\/2025\/wp-json\/wp\/v2\/pages\/7503\/revisions\/8161"}],"wp:attachment":[{"href":"https:\/\/jazzamoart.com\/2025\/wp-json\/wp\/v2\/media?parent=7503"}],"curies":[{"name":"wp","href":"https:\/\/api.w.org\/{rel}","templated":true}]}}