{"id":8886,"date":"2025-10-08T16:38:13","date_gmt":"2025-10-08T22:38:13","guid":{"rendered":"https:\/\/tlactlac.com\/jazz\/documental\/"},"modified":"2025-10-08T16:54:40","modified_gmt":"2025-10-08T22:54:40","slug":"documental","status":"publish","type":"page","link":"https:\/\/jazzamoart.com\/2025\/es\/documental\/","title":{"rendered":"Documental"},"content":{"rendered":"\t\t<div data-elementor-type=\"wp-page\" data-elementor-id=\"8886\" class=\"elementor elementor-8886 elementor-8877\" data-elementor-post-type=\"page\">\n\t\t\t\t<div data-scroll-custom-offset=\"\" data-scroll-custom-duration=\"\" class=\"wolf-core-elementor-row wolf-core-font- elementor-element elementor-element-e3e5293 e-flex e-con-boxed e-con e-parent\" data-font-skin=\"\" data-color-tone=\"\" data-id=\"e3e5293\" data-element_type=\"container\" data-e-type=\"container\">\n\t\t\t\t\t<div class=\"e-con-inner\">\n\t\t\t\t<div class=\"elementor-element elementor-element-6752436 elementor-widget elementor-widget-spacer\" data-id=\"6752436\" data-element_type=\"widget\" data-e-type=\"widget\" data-widget_type=\"spacer.default\">\n\t\t\t\t<div class=\"elementor-widget-container\">\n\t\t\t\t\t\t\t<div class=\"elementor-spacer\">\n\t\t\t<div class=\"elementor-spacer-inner\"><\/div>\n\t\t<\/div>\n\t\t\t\t\t\t<\/div>\n\t\t\t\t<\/div>\n\t\t\t\t\t<\/div>\n\t\t\t\t<\/div>\n\t\t<div data-scroll-custom-offset=\"\" data-scroll-custom-duration=\"\" class=\"wolf-core-elementor-row wolf-core-font- elementor-element elementor-element-78d8596 e-con-full e-flex e-con e-parent\" data-font-skin=\"\" data-color-tone=\"\" data-id=\"78d8596\" data-element_type=\"container\" data-e-type=\"container\">\n\t\t<div data-scroll-custom-offset=\"\" data-scroll-custom-duration=\"\" class=\"wolf-core-elementor-row wolf-core-font- elementor-element elementor-element-8d88121 e-flex e-con-boxed e-con e-child\" data-font-skin=\"\" data-color-tone=\"\" data-id=\"8d88121\" data-element_type=\"container\" data-e-type=\"container\">\n\t\t\t\t\t<div class=\"e-con-inner\">\n\t\t\t\t<div class=\"elementor-element elementor-element-956c732 elementor-widget elementor-widget-heading\" data-id=\"956c732\" data-element_type=\"widget\" data-e-type=\"widget\" data-widget_type=\"heading.default\">\n\t\t\t\t<div class=\"elementor-widget-container\">\n\t\t\t\t\t<h2 class=\"elementor-heading-title elementor-size-default\">Documental<\/h2>\t\t\t\t<\/div>\n\t\t\t\t<\/div>\n\t\t\t\t<div class=\"elementor-element elementor-element-09eb078 elementor-widget elementor-widget-video\" data-id=\"09eb078\" data-element_type=\"widget\" data-e-type=\"widget\" data-settings=\"{&quot;youtube_url&quot;:&quot;youtube.com\\\/watch?v=3o2X3gGq1po&amp;embeds_referring_euri=https%3A%2F%2Ftlactlac.com%2Fjazz%2Fwork%2Fdocumentary-fail%2F&amp;source_ve_path=OTY3MTQ&quot;,&quot;autoplay&quot;:&quot;yes&quot;,&quot;lazy_load&quot;:&quot;yes&quot;,&quot;video_type&quot;:&quot;youtube&quot;,&quot;controls&quot;:&quot;yes&quot;}\" data-widget_type=\"video.default\">\n\t\t\t\t<div class=\"elementor-widget-container\">\n\t\t\t\t\t\t\t<div class=\"elementor-wrapper elementor-open-inline\">\n\t\t\t<div class=\"elementor-video\"><\/div>\t\t<\/div>\n\t\t\t\t\t\t<\/div>\n\t\t\t\t<\/div>\n\t\t\t\t\t<\/div>\n\t\t\t\t<\/div>\n\t\t<div data-scroll-custom-offset=\"\" data-scroll-custom-duration=\"\" class=\"wolf-core-elementor-row wolf-core-font- elementor-element elementor-element-df1a8e5 e-flex e-con-boxed e-con e-child\" data-font-skin=\"\" data-color-tone=\"\" data-id=\"df1a8e5\" data-element_type=\"container\" data-e-type=\"container\">\n\t\t\t\t\t<div class=\"e-con-inner\">\n\t\t<div data-scroll-custom-offset=\"\" data-scroll-custom-duration=\"\" class=\"wolf-core-elementor-row wolf-core-font- elementor-element elementor-element-882284d e-grid e-con-full e-con e-child\" data-font-skin=\"\" data-color-tone=\"\" data-id=\"882284d\" data-element_type=\"container\" data-e-type=\"container\">\n\t\t\t\t<div class=\" elementor-element elementor-element-1b9fc75 elementor-widget elementor-widget-text-editor\" data-id=\"1b9fc75\" data-element_type=\"widget\" data-e-type=\"widget\" data-widget_type=\"text-editor.default\">\n\t\t\t\t<div class=\"elementor-widget-container\">\n\t\t\t\t\t\t\t\t\t<p><strong>Plataforma:<\/strong> Youtube<br><strong>Idioma:<\/strong> Espa\u00f1ol<br><strong>Subt\u00edtulos:<\/strong> Ingl\u00e9s<br><strong>Duraci\u00f3n:<\/strong> 74 mins.<\/p>\t\t\t\t\t\t\t\t<\/div>\n\t\t\t\t<\/div>\n\t\t\t\t<div class=\" elementor-element elementor-element-5d3a2ec elementor-widget elementor-widget-text-editor\" data-id=\"5d3a2ec\" data-element_type=\"widget\" data-e-type=\"widget\" data-widget_type=\"text-editor.default\">\n\t\t\t\t<div class=\"elementor-widget-container\">\n\t\t\t\t\t\t\t\t\t<p>Al llegar a los 70 a\u00f1os de vida, el artista visual Jazzamoart, narra coloquialmente su camino en la vida de la pintura, desde su nost\u00e1lgica y bohemia infancia en Irapuato, Guanajuato y sus inicios en la Academia de Artes de San Carlos en el Centro Hist\u00f3rico de la Ciudad de M\u00e9xico, hasta su encuentro con el jazz como eje para dar identidad a su obra y a las aventuras y logros por en su carrera, entrelaz\u00e1ndola con otras pasiones como el f\u00fatbol, la tauromaquia, la mexicanidad y la familia, todo ello por medio de su gestual y expresionista lenguaje pict\u00f3rico. Acompa\u00f1ados de cientos de im\u00e1genes de su producci\u00f3n pict\u00f3rica, comparten an\u00e9cdotas y comentarios personajes de la escena del jazz nacional como Olivia Revueltas, Francisco T\u00e9llez, Ana Ruiz, Iraida Noriega y Alain Derbez, adem\u00e1s de protagonistas de la vida cultural de M\u00e9xico como Teresa del Conde, Rogelio Cuellar, Oscar Rom\u00e1n, Aldo Flores, Raquel Tibol, Arnold Belkin, Emile Martel, entre muchos otros. <\/p>\t\t\t\t\t\t\t\t<\/div>\n\t\t\t\t<\/div>\n\t\t\t\t<\/div>\n\t\t\t\t\t<\/div>\n\t\t\t\t<\/div>\n\t\t\t\t<\/div>\n\t\t\t\t<\/div>\n\t\t","protected":false},"excerpt":{"rendered":"<p>Documental http:\/\/youtube.com\/watch?v=3o2X3gGq1po&#038;embeds_referring_euri=https%3A%2F%2Ftlactlac.com%2Fjazz%2Fwork%2Fdocumentary-fail%2F&#038;source_ve_path=OTY3MTQ Plataforma: YoutubeIdioma: Espa\u00f1olSubt\u00edtulos: Ingl\u00e9sDuraci\u00f3n: 74 mins. Al llegar a los 70 a\u00f1os de vida, el artista visual Jazzamoart, narra coloquialmente su camino en la vida de la pintura, desde su nost\u00e1lgica y bohemia infancia en Irapuato, Guanajuato y sus inicios en la Academia de Artes de San Carlos en el Centro Hist\u00f3rico de&#8230;<\/p>\n<p><a rel=\"bookmark\" class=\"theme-button-primary wolf-core-button wolf-core-button-size-md\" href=\"https:\/\/jazzamoart.com\/2025\/es\/documental\/\"><span>Seguir leyendo<\/span><\/a><\/p>\n","protected":false},"author":1,"featured_media":0,"parent":0,"menu_order":0,"comment_status":"closed","ping_status":"closed","template":"","meta":{"_acf_changed":false,"_monsterinsights_skip_tracking":false,"_monsterinsights_sitenote_active":false,"_monsterinsights_sitenote_note":"","_monsterinsights_sitenote_category":0,"footnotes":""},"class_list":{"0":"post-8886","1":"page","2":"type-page","3":"status-publish","4":"hentry","5":"entry","6":"clearfix","7":"entry-grid","8":"entry-columns-default","9":"entry-page-module-layout-standard","10":"is-youtube","11":"has-video","12":"no-post-thumbnail","13":"entry-page","15":"entry-page-grid"},"acf":[],"aioseo_notices":[],"_links":{"self":[{"href":"https:\/\/jazzamoart.com\/2025\/es\/wp-json\/wp\/v2\/pages\/8886","targetHints":{"allow":["GET"]}}],"collection":[{"href":"https:\/\/jazzamoart.com\/2025\/es\/wp-json\/wp\/v2\/pages"}],"about":[{"href":"https:\/\/jazzamoart.com\/2025\/es\/wp-json\/wp\/v2\/types\/page"}],"author":[{"embeddable":true,"href":"https:\/\/jazzamoart.com\/2025\/es\/wp-json\/wp\/v2\/users\/1"}],"replies":[{"embeddable":true,"href":"https:\/\/jazzamoart.com\/2025\/es\/wp-json\/wp\/v2\/comments?post=8886"}],"version-history":[{"count":1,"href":"https:\/\/jazzamoart.com\/2025\/es\/wp-json\/wp\/v2\/pages\/8886\/revisions"}],"predecessor-version":[{"id":8887,"href":"https:\/\/jazzamoart.com\/2025\/es\/wp-json\/wp\/v2\/pages\/8886\/revisions\/8887"}],"wp:attachment":[{"href":"https:\/\/jazzamoart.com\/2025\/es\/wp-json\/wp\/v2\/media?parent=8886"}],"curies":[{"name":"wp","href":"https:\/\/api.w.org\/{rel}","templated":true}]}}